{"id":782,"date":"2023-07-05T09:17:53","date_gmt":"2023-07-05T07:17:53","guid":{"rendered":"https:\/\/www.finspongsslott.se\/?page_id=782"},"modified":"2023-09-13T11:14:10","modified_gmt":"2023-09-13T09:14:10","slug":"meeting-events","status":"publish","type":"page","link":"https:\/\/www.finspongsslott.se\/en\/meeting-events\/","title":{"rendered":"Meeting &amp; Events"},"content":{"rendered":"\t\t<div data-elementor-type=\"wp-page\" data-elementor-id=\"782\" class=\"elementor elementor-782 elementor-24\" data-elementor-post-type=\"page\">\n\t\t\t\t\t\t<section class=\"elementor-section elementor-top-section elementor-element elementor-element-7310062 elementor-section-boxed elementor-section-height-default elementor-section-height-default\" data-id=\"7310062\" data-element_type=\"section\" data-e-type=\"section\" data-settings=\"{&quot;background_background&quot;:&quot;classic&quot;}\">\n\t\t\t\t\t\t<div class=\"elementor-container elementor-column-gap-no\">\n\t\t\t\t\t<div class=\"elementor-column elementor-col-100 elementor-top-column elementor-element elementor-element-8436de7\" data-id=\"8436de7\" data-element_type=\"column\" data-e-type=\"column\">\n\t\t\t<div class=\"elementor-widget-wrap elementor-element-populated\">\n\t\t\t\t\t\t<div class=\"elementor-element elementor-element-d33cdd8 elementor-widget elementor-widget-heading\" data-id=\"d33cdd8\" data-element_type=\"widget\" data-e-type=\"widget\" data-widget_type=\"heading.default\">\n\t\t\t\t<div class=\"elementor-widget-container\">\n\t\t\t\t\t<h2 class=\"elementor-heading-title elementor-size-default\">Conference Slottsm\u00e4ssen<\/h2>\t\t\t\t<\/div>\n\t\t\t\t<\/div>\n\t\t\t\t<div class=\"elementor-element elementor-element-387d578 elementor-widget-divider--view-line elementor-widget elementor-widget-divider\" data-id=\"387d578\" data-element_type=\"widget\" data-e-type=\"widget\" data-widget_type=\"divider.default\">\n\t\t\t\t<div class=\"elementor-widget-container\">\n\t\t\t\t\t\t\t<div class=\"elementor-divider\">\n\t\t\t<span class=\"elementor-divider-separator\">\n\t\t\t\t\t\t<\/span>\n\t\t<\/div>\n\t\t\t\t\t\t<\/div>\n\t\t\t\t<\/div>\n\t\t\t\t<div class=\"elementor-element elementor-element-f83b357 elementor-widget elementor-widget-text-editor\" data-id=\"f83b357\" data-element_type=\"widget\" data-e-type=\"widget\" data-widget_type=\"text-editor.default\">\n\t\t\t\t<div class=\"elementor-widget-container\">\n\t\t\t\t\t\t\t\t\t<p>Slottsm\u00e4ssens conference has a unique location in the beautiful area around Finsp\u00e5ng Castle, located in an environment that stimulates thoughts and ideas. Here you can book conferences for up to 18 people. Standard equipment in our meeting rooms is projector, flipchart, whiteboard, notepad, pens and guest network. Your conference includes mineral water, fruit and sweets.<\/p><p>In the same building, one floor down, there is the opportunity to have lunch in our magnificent dining room where the chef offers a dining experience with ingredients prepared from scratch.<\/p>\t\t\t\t\t\t\t\t<\/div>\n\t\t\t\t<\/div>\n\t\t\t\t<div class=\"elementor-element elementor-element-2ca090a elementor-align-center elementor-widget__width-auto elementor-widget elementor-widget-button\" data-id=\"2ca090a\" data-element_type=\"widget\" data-e-type=\"widget\" data-widget_type=\"button.default\">\n\t\t\t\t<div class=\"elementor-widget-container\">\n\t\t\t\t\t\t\t\t\t<div class=\"elementor-button-wrapper\">\n\t\t\t\t\t<a class=\"elementor-button elementor-button-link elementor-size-sm\" href=\"https:\/\/www.finspongsslott.se\/en\/contact\/\">\n\t\t\t\t\t\t<span class=\"elementor-button-content-wrapper\">\n\t\t\t\t\t\t\t\t\t<span class=\"elementor-button-text\">Book a conference<\/span>\n\t\t\t\t\t<\/span>\n\t\t\t\t\t<\/a>\n\t\t\t\t<\/div>\n\t\t\t\t\t\t\t\t<\/div>\n\t\t\t\t<\/div>\n\t\t\t\t<div class=\"elementor-element elementor-element-d2825d0 elementor-align-center elementor-widget__width-auto elementor-widget elementor-widget-button\" data-id=\"d2825d0\" data-element_type=\"widget\" data-e-type=\"widget\" data-widget_type=\"button.default\">\n\t\t\t\t<div class=\"elementor-widget-container\">\n\t\t\t\t\t\t\t\t\t<div class=\"elementor-button-wrapper\">\n\t\t\t\t\t<a class=\"elementor-button elementor-button-link elementor-size-sm\" href=\"https:\/\/www.finspongsslott.se\/en\/restaurant\/\">\n\t\t\t\t\t\t<span class=\"elementor-button-content-wrapper\">\n\t\t\t\t\t\t\t\t\t<span class=\"elementor-button-text\">Restaurant<\/span>\n\t\t\t\t\t<\/span>\n\t\t\t\t\t<\/a>\n\t\t\t\t<\/div>\n\t\t\t\t\t\t\t\t<\/div>\n\t\t\t\t<\/div>\n\t\t\t\t\t<\/div>\n\t\t<\/div>\n\t\t\t\t\t<\/div>\n\t\t<\/section>\n\t\t\t\t<section class=\"elementor-section elementor-top-section elementor-element elementor-element-b46456e elementor-section-boxed elementor-section-height-default elementor-section-height-default\" data-id=\"b46456e\" data-element_type=\"section\" data-e-type=\"section\" data-settings=\"{&quot;background_background&quot;:&quot;classic&quot;}\">\n\t\t\t\t\t\t<div class=\"elementor-container elementor-column-gap-wider\">\n\t\t\t\t\t<div class=\"elementor-column elementor-col-100 elementor-top-column elementor-element elementor-element-f7ed4ce\" data-id=\"f7ed4ce\" data-element_type=\"column\" data-e-type=\"column\">\n\t\t\t<div class=\"elementor-widget-wrap elementor-element-populated\">\n\t\t\t\t\t\t<div class=\"elementor-element elementor-element-d4222d3 elementor-widget elementor-widget-gallery\" data-id=\"d4222d3\" data-element_type=\"widget\" data-e-type=\"widget\" data-settings=\"{&quot;columns&quot;:3,&quot;gap&quot;:{&quot;unit&quot;:&quot;px&quot;,&quot;size&quot;:30,&quot;sizes&quot;:[]},&quot;columns_tablet&quot;:3,&quot;gap_mobile&quot;:{&quot;unit&quot;:&quot;px&quot;,&quot;size&quot;:30,&quot;sizes&quot;:[]},&quot;lazyload&quot;:&quot;yes&quot;,&quot;gallery_layout&quot;:&quot;grid&quot;,&quot;columns_mobile&quot;:1,&quot;gap_tablet&quot;:{&quot;unit&quot;:&quot;px&quot;,&quot;size&quot;:10,&quot;sizes&quot;:[]},&quot;link_to&quot;:&quot;file&quot;,&quot;aspect_ratio&quot;:&quot;3:2&quot;,&quot;overlay_background&quot;:&quot;yes&quot;,&quot;content_hover_animation&quot;:&quot;fade-in&quot;}\" data-widget_type=\"gallery.default\">\n\t\t\t\t<div class=\"elementor-widget-container\">\n\t\t\t\t\t\t\t<div class=\"elementor-gallery__container\">\n\t\t\t\t\t\t\t<a class=\"e-gallery-item elementor-gallery-item elementor-animated-content\" href=\"https:\/\/www.finspongsslott.se\/wp-content\/uploads\/2023\/09\/konferens-1.jpg\" data-elementor-open-lightbox=\"yes\" data-elementor-lightbox-slideshow=\"d4222d3\" data-elementor-lightbox-title=\"konferens-1\" data-e-action-hash=\"#elementor-action%3Aaction%3Dlightbox%26settings%3DeyJpZCI6MjI3MywidXJsIjoiaHR0cHM6XC9cL3d3dy5maW5zcG9uZ3NzbG90dC5zZVwvd3AtY29udGVudFwvdXBsb2Fkc1wvMjAyM1wvMDlcL2tvbmZlcmVucy0xLmpwZyIsInNsaWRlc2hvdyI6ImQ0MjIyZDMifQ%3D%3D\">\n\t\t\t\t\t<div class=\"e-gallery-image elementor-gallery-item__image\" data-thumbnail=\"https:\/\/www.finspongsslott.se\/wp-content\/uploads\/2023\/09\/konferens-1-768x512.jpg\" data-width=\"768\" data-height=\"512\" aria-label=\"\" role=\"img\" ><\/div>\n\t\t\t\t\t\t\t\t\t\t\t<div class=\"elementor-gallery-item__overlay\"><\/div>\n\t\t\t\t\t\t\t\t\t\t\t\t\t\t<\/a>\n\t\t\t\t\t\t\t<a class=\"e-gallery-item elementor-gallery-item elementor-animated-content\" href=\"https:\/\/www.finspongsslott.se\/wp-content\/uploads\/2023\/09\/konferens-2.jpg\" data-elementor-open-lightbox=\"yes\" data-elementor-lightbox-slideshow=\"d4222d3\" data-elementor-lightbox-title=\"konferens-2\" data-e-action-hash=\"#elementor-action%3Aaction%3Dlightbox%26settings%3DeyJpZCI6MjI4MCwidXJsIjoiaHR0cHM6XC9cL3d3dy5maW5zcG9uZ3NzbG90dC5zZVwvd3AtY29udGVudFwvdXBsb2Fkc1wvMjAyM1wvMDlcL2tvbmZlcmVucy0yLmpwZyIsInNsaWRlc2hvdyI6ImQ0MjIyZDMifQ%3D%3D\">\n\t\t\t\t\t<div class=\"e-gallery-image elementor-gallery-item__image\" data-thumbnail=\"https:\/\/www.finspongsslott.se\/wp-content\/uploads\/2023\/09\/konferens-2-768x512.jpg\" data-width=\"768\" data-height=\"512\" aria-label=\"\" role=\"img\" ><\/div>\n\t\t\t\t\t\t\t\t\t\t\t<div class=\"elementor-gallery-item__overlay\"><\/div>\n\t\t\t\t\t\t\t\t\t\t\t\t\t\t<\/a>\n\t\t\t\t\t\t\t<a class=\"e-gallery-item elementor-gallery-item elementor-animated-content\" href=\"https:\/\/www.finspongsslott.se\/wp-content\/uploads\/2023\/09\/konferens-3.jpg\" data-elementor-open-lightbox=\"yes\" data-elementor-lightbox-slideshow=\"d4222d3\" data-elementor-lightbox-title=\"konferens-3\" data-e-action-hash=\"#elementor-action%3Aaction%3Dlightbox%26settings%3DeyJpZCI6MjI4MiwidXJsIjoiaHR0cHM6XC9cL3d3dy5maW5zcG9uZ3NzbG90dC5zZVwvd3AtY29udGVudFwvdXBsb2Fkc1wvMjAyM1wvMDlcL2tvbmZlcmVucy0zLmpwZyIsInNsaWRlc2hvdyI6ImQ0MjIyZDMifQ%3D%3D\">\n\t\t\t\t\t<div class=\"e-gallery-image elementor-gallery-item__image\" data-thumbnail=\"https:\/\/www.finspongsslott.se\/wp-content\/uploads\/2023\/09\/konferens-3-768x512.jpg\" data-width=\"768\" data-height=\"512\" aria-label=\"\" role=\"img\" ><\/div>\n\t\t\t\t\t\t\t\t\t\t\t<div class=\"elementor-gallery-item__overlay\"><\/div>\n\t\t\t\t\t\t\t\t\t\t\t\t\t\t<\/a>\n\t\t\t\t\t<\/div>\n\t\t\t\t\t<\/div>\n\t\t\t\t<\/div>\n\t\t\t\t\t<\/div>\n\t\t<\/div>\n\t\t\t\t\t<\/div>\n\t\t<\/section>\n\t\t\t\t<\/div>\n\t\t","protected":false},"excerpt":{"rendered":"<p>Conference Slottsm\u00e4ssen Slottsm\u00e4ssens conference has a unique location in the beautiful area around Finsp\u00e5ng Castle, located in an environment that stimulates thoughts and ideas. Here you can book conferences for up to 18 people. Standard equipment in our meeting rooms is projector, flipchart, whiteboard, notepad, pens and guest network. Your conference includes mineral water, fruit [&hellip;]<\/p>\n","protected":false},"author":1,"featured_media":722,"parent":0,"menu_order":0,"comment_status":"closed","ping_status":"closed","template":"","meta":{"footnotes":""},"categories":[],"tags":[],"class_list":["post-782","page","type-page","status-publish","has-post-thumbnail","hentry"],"yoast_head":"<!-- This site is optimized with the Yoast SEO plugin v27.3 - https:\/\/yoast.com\/product\/yoast-seo-wordpress\/ -->\n<title>Meeting &amp; Events - Finsp\u00e5ngs Slott<\/title>\n<meta name=\"robots\" content=\"index, follow, max-snippet:-1, max-image-preview:large, max-video-preview:-1\" \/>\n<link rel=\"canonical\" href=\"https:\/\/www.finspongsslott.se\/en\/meeting-events\/\" \/>\n<meta property=\"og:locale\" content=\"en_US\" \/>\n<meta property=\"og:type\" content=\"article\" \/>\n<meta property=\"og:title\" content=\"Meeting &amp; Events - Finsp\u00e5ngs Slott\" \/>\n<meta property=\"og:description\" content=\"Conference Slottsm\u00e4ssen Slottsm\u00e4ssens conference has a unique location in the beautiful area around Finsp\u00e5ng Castle, located in an environment that stimulates thoughts and ideas. Here you can book conferences for up to 18 people. Standard equipment in our meeting rooms is projector, flipchart, whiteboard, notepad, pens and guest network. Your conference includes mineral water, fruit [&hellip;]\" \/>\n<meta property=\"og:url\" content=\"https:\/\/www.finspongsslott.se\/en\/meeting-events\/\" \/>\n<meta property=\"og:site_name\" content=\"Finsp\u00e5ngs Slott\" \/>\n<meta property=\"article:modified_time\" content=\"2023-09-13T09:14:10+00:00\" \/>\n<meta property=\"og:image\" content=\"https:\/\/www.finspongsslott.se\/wp-content\/uploads\/2023\/07\/konferens.jpg\" \/>\n\t<meta property=\"og:image:width\" content=\"1800\" \/>\n\t<meta property=\"og:image:height\" content=\"400\" \/>\n\t<meta property=\"og:image:type\" content=\"image\/jpeg\" \/>\n<meta name=\"twitter:card\" content=\"summary_large_image\" \/>\n<meta name=\"twitter:label1\" content=\"Est. reading time\" \/>\n\t<meta name=\"twitter:data1\" content=\"1 minute\" \/>\n<script type=\"application\/ld+json\" class=\"yoast-schema-graph\">{\"@context\":\"https:\\\/\\\/schema.org\",\"@graph\":[{\"@type\":\"WebPage\",\"@id\":\"https:\\\/\\\/www.finspongsslott.se\\\/en\\\/meeting-events\\\/\",\"url\":\"https:\\\/\\\/www.finspongsslott.se\\\/en\\\/meeting-events\\\/\",\"name\":\"Meeting &amp; Events - Finsp\u00e5ngs Slott\",\"isPartOf\":{\"@id\":\"https:\\\/\\\/www.finspongsslott.se\\\/en\\\/#website\"},\"primaryImageOfPage\":{\"@id\":\"https:\\\/\\\/www.finspongsslott.se\\\/en\\\/meeting-events\\\/#primaryimage\"},\"image\":{\"@id\":\"https:\\\/\\\/www.finspongsslott.se\\\/en\\\/meeting-events\\\/#primaryimage\"},\"thumbnailUrl\":\"https:\\\/\\\/www.finspongsslott.se\\\/wp-content\\\/uploads\\\/2023\\\/07\\\/konferens.jpg\",\"datePublished\":\"2023-07-05T07:17:53+00:00\",\"dateModified\":\"2023-09-13T09:14:10+00:00\",\"breadcrumb\":{\"@id\":\"https:\\\/\\\/www.finspongsslott.se\\\/en\\\/meeting-events\\\/#breadcrumb\"},\"inLanguage\":\"en-US\",\"potentialAction\":[{\"@type\":\"ReadAction\",\"target\":[\"https:\\\/\\\/www.finspongsslott.se\\\/en\\\/meeting-events\\\/\"]}]},{\"@type\":\"ImageObject\",\"inLanguage\":\"en-US\",\"@id\":\"https:\\\/\\\/www.finspongsslott.se\\\/en\\\/meeting-events\\\/#primaryimage\",\"url\":\"https:\\\/\\\/www.finspongsslott.se\\\/wp-content\\\/uploads\\\/2023\\\/07\\\/konferens.jpg\",\"contentUrl\":\"https:\\\/\\\/www.finspongsslott.se\\\/wp-content\\\/uploads\\\/2023\\\/07\\\/konferens.jpg\",\"width\":1800,\"height\":400},{\"@type\":\"BreadcrumbList\",\"@id\":\"https:\\\/\\\/www.finspongsslott.se\\\/en\\\/meeting-events\\\/#breadcrumb\",\"itemListElement\":[{\"@type\":\"ListItem\",\"position\":1,\"name\":\"Home\",\"item\":\"https:\\\/\\\/www.finspongsslott.se\\\/en\\\/welcome-to-finspong-house\\\/\"},{\"@type\":\"ListItem\",\"position\":2,\"name\":\"Meeting &amp; Events\"}]},{\"@type\":\"WebSite\",\"@id\":\"https:\\\/\\\/www.finspongsslott.se\\\/en\\\/#website\",\"url\":\"https:\\\/\\\/www.finspongsslott.se\\\/en\\\/\",\"name\":\"Finsp\u00e5ngs Slott\",\"description\":\"En resa genom tid och rum\",\"publisher\":{\"@id\":\"https:\\\/\\\/www.finspongsslott.se\\\/en\\\/#organization\"},\"potentialAction\":[{\"@type\":\"SearchAction\",\"target\":{\"@type\":\"EntryPoint\",\"urlTemplate\":\"https:\\\/\\\/www.finspongsslott.se\\\/en\\\/?s={search_term_string}\"},\"query-input\":{\"@type\":\"PropertyValueSpecification\",\"valueRequired\":true,\"valueName\":\"search_term_string\"}}],\"inLanguage\":\"en-US\"},{\"@type\":\"Organization\",\"@id\":\"https:\\\/\\\/www.finspongsslott.se\\\/en\\\/#organization\",\"name\":\"Finsp\u00e5ngs Slott\",\"url\":\"https:\\\/\\\/www.finspongsslott.se\\\/en\\\/\",\"logo\":{\"@type\":\"ImageObject\",\"inLanguage\":\"en-US\",\"@id\":\"https:\\\/\\\/www.finspongsslott.se\\\/en\\\/#\\\/schema\\\/logo\\\/image\\\/\",\"url\":\"https:\\\/\\\/www.finspongsslott.se\\\/wp-content\\\/uploads\\\/2023\\\/07\\\/finspangs-slott-logo.svg\",\"contentUrl\":\"https:\\\/\\\/www.finspongsslott.se\\\/wp-content\\\/uploads\\\/2023\\\/07\\\/finspangs-slott-logo.svg\",\"width\":506,\"height\":436,\"caption\":\"Finsp\u00e5ngs Slott\"},\"image\":{\"@id\":\"https:\\\/\\\/www.finspongsslott.se\\\/en\\\/#\\\/schema\\\/logo\\\/image\\\/\"}}]}<\/script>\n<!-- \/ Yoast SEO plugin. -->","yoast_head_json":{"title":"Meeting &amp; Events - Finsp\u00e5ngs Slott","robots":{"index":"index","follow":"follow","max-snippet":"max-snippet:-1","max-image-preview":"max-image-preview:large","max-video-preview":"max-video-preview:-1"},"canonical":"https:\/\/www.finspongsslott.se\/en\/meeting-events\/","og_locale":"en_US","og_type":"article","og_title":"Meeting &amp; Events - Finsp\u00e5ngs Slott","og_description":"Conference Slottsm\u00e4ssen Slottsm\u00e4ssens conference has a unique location in the beautiful area around Finsp\u00e5ng Castle, located in an environment that stimulates thoughts and ideas. Here you can book conferences for up to 18 people. Standard equipment in our meeting rooms is projector, flipchart, whiteboard, notepad, pens and guest network. Your conference includes mineral water, fruit [&hellip;]","og_url":"https:\/\/www.finspongsslott.se\/en\/meeting-events\/","og_site_name":"Finsp\u00e5ngs Slott","article_modified_time":"2023-09-13T09:14:10+00:00","og_image":[{"width":1800,"height":400,"url":"https:\/\/www.finspongsslott.se\/wp-content\/uploads\/2023\/07\/konferens.jpg","type":"image\/jpeg"}],"twitter_card":"summary_large_image","twitter_misc":{"Est. reading time":"1 minute"},"schema":{"@context":"https:\/\/schema.org","@graph":[{"@type":"WebPage","@id":"https:\/\/www.finspongsslott.se\/en\/meeting-events\/","url":"https:\/\/www.finspongsslott.se\/en\/meeting-events\/","name":"Meeting &amp; Events - Finsp\u00e5ngs Slott","isPartOf":{"@id":"https:\/\/www.finspongsslott.se\/en\/#website"},"primaryImageOfPage":{"@id":"https:\/\/www.finspongsslott.se\/en\/meeting-events\/#primaryimage"},"image":{"@id":"https:\/\/www.finspongsslott.se\/en\/meeting-events\/#primaryimage"},"thumbnailUrl":"https:\/\/www.finspongsslott.se\/wp-content\/uploads\/2023\/07\/konferens.jpg","datePublished":"2023-07-05T07:17:53+00:00","dateModified":"2023-09-13T09:14:10+00:00","breadcrumb":{"@id":"https:\/\/www.finspongsslott.se\/en\/meeting-events\/#breadcrumb"},"inLanguage":"en-US","potentialAction":[{"@type":"ReadAction","target":["https:\/\/www.finspongsslott.se\/en\/meeting-events\/"]}]},{"@type":"ImageObject","inLanguage":"en-US","@id":"https:\/\/www.finspongsslott.se\/en\/meeting-events\/#primaryimage","url":"https:\/\/www.finspongsslott.se\/wp-content\/uploads\/2023\/07\/konferens.jpg","contentUrl":"https:\/\/www.finspongsslott.se\/wp-content\/uploads\/2023\/07\/konferens.jpg","width":1800,"height":400},{"@type":"BreadcrumbList","@id":"https:\/\/www.finspongsslott.se\/en\/meeting-events\/#breadcrumb","itemListElement":[{"@type":"ListItem","position":1,"name":"Home","item":"https:\/\/www.finspongsslott.se\/en\/welcome-to-finspong-house\/"},{"@type":"ListItem","position":2,"name":"Meeting &amp; Events"}]},{"@type":"WebSite","@id":"https:\/\/www.finspongsslott.se\/en\/#website","url":"https:\/\/www.finspongsslott.se\/en\/","name":"Finsp\u00e5ngs Slott","description":"En resa genom tid och rum","publisher":{"@id":"https:\/\/www.finspongsslott.se\/en\/#organization"},"potentialAction":[{"@type":"SearchAction","target":{"@type":"EntryPoint","urlTemplate":"https:\/\/www.finspongsslott.se\/en\/?s={search_term_string}"},"query-input":{"@type":"PropertyValueSpecification","valueRequired":true,"valueName":"search_term_string"}}],"inLanguage":"en-US"},{"@type":"Organization","@id":"https:\/\/www.finspongsslott.se\/en\/#organization","name":"Finsp\u00e5ngs Slott","url":"https:\/\/www.finspongsslott.se\/en\/","logo":{"@type":"ImageObject","inLanguage":"en-US","@id":"https:\/\/www.finspongsslott.se\/en\/#\/schema\/logo\/image\/","url":"https:\/\/www.finspongsslott.se\/wp-content\/uploads\/2023\/07\/finspangs-slott-logo.svg","contentUrl":"https:\/\/www.finspongsslott.se\/wp-content\/uploads\/2023\/07\/finspangs-slott-logo.svg","width":506,"height":436,"caption":"Finsp\u00e5ngs Slott"},"image":{"@id":"https:\/\/www.finspongsslott.se\/en\/#\/schema\/logo\/image\/"}}]}},"_links":{"self":[{"href":"https:\/\/www.finspongsslott.se\/en\/wp-json\/wp\/v2\/pages\/782","targetHints":{"allow":["GET"]}}],"collection":[{"href":"https:\/\/www.finspongsslott.se\/en\/wp-json\/wp\/v2\/pages"}],"about":[{"href":"https:\/\/www.finspongsslott.se\/en\/wp-json\/wp\/v2\/types\/page"}],"author":[{"embeddable":true,"href":"https:\/\/www.finspongsslott.se\/en\/wp-json\/wp\/v2\/users\/1"}],"replies":[{"embeddable":true,"href":"https:\/\/www.finspongsslott.se\/en\/wp-json\/wp\/v2\/comments?post=782"}],"version-history":[{"count":22,"href":"https:\/\/www.finspongsslott.se\/en\/wp-json\/wp\/v2\/pages\/782\/revisions"}],"predecessor-version":[{"id":2296,"href":"https:\/\/www.finspongsslott.se\/en\/wp-json\/wp\/v2\/pages\/782\/revisions\/2296"}],"wp:featuredmedia":[{"embeddable":true,"href":"https:\/\/www.finspongsslott.se\/en\/wp-json\/wp\/v2\/media\/722"}],"wp:attachment":[{"href":"https:\/\/www.finspongsslott.se\/en\/wp-json\/wp\/v2\/media?parent=782"}],"wp:term":[{"taxonomy":"category","embeddable":true,"href":"https:\/\/www.finspongsslott.se\/en\/wp-json\/wp\/v2\/categories?post=782"},{"taxonomy":"post_tag","embeddable":true,"href":"https:\/\/www.finspongsslott.se\/en\/wp-json\/wp\/v2\/tags?post=782"}],"curies":[{"name":"wp","href":"https:\/\/api.w.org\/{rel}","templated":true}]}}